{"id":792,"date":"2025-11-06T16:09:40","date_gmt":"2025-11-06T15:09:40","guid":{"rendered":"https:\/\/www.experta.com.ar\/?page_id=792"},"modified":"2025-11-06T16:21:19","modified_gmt":"2025-11-06T15:21:19","slug":"app-movilidad-para-preventores-legales","status":"publish","type":"page","link":"https:\/\/www.experta.com.ar\/index.php\/app-movilidad-para-preventores-legales\/","title":{"rendered":"App Movilidad para Preventores &#8211; Legales"},"content":{"rendered":"\t\t<div data-elementor-type=\"wp-page\" data-elementor-id=\"792\" class=\"elementor elementor-792\" data-elementor-post-type=\"page\">\n\t\t\t\t<div class=\"elementor-element elementor-element-8c0359b e-con-full e-flex e-con e-parent\" data-id=\"8c0359b\" data-element_type=\"container\" data-e-type=\"container\" data-settings=\"{&quot;background_background&quot;:&quot;classic&quot;}\">\n\t\t<div class=\"elementor-element elementor-element-84f40a1 e-flex e-con-boxed e-con e-child\" data-id=\"84f40a1\" data-element_type=\"container\" data-e-type=\"container\">\n\t\t\t\t\t<div class=\"e-con-inner\">\n\t\t<div class=\"elementor-element elementor-element-6366b0d e-con-full e-flex e-con e-child\" data-id=\"6366b0d\" data-element_type=\"container\" data-e-type=\"container\">\n\t\t\t\t<div class=\"elementor-element elementor-element-b38068a elementor-widget__width-initial elementor-hidden-mobile elementor-widget elementor-widget-image\" data-id=\"b38068a\" data-element_type=\"widget\" data-e-type=\"widget\" data-widget_type=\"image.default\">\n\t\t\t\t\t\t\t\t\t\t\t\t\t\t\t<img decoding=\"async\" width=\"225\" height=\"117\" src=\"https:\/\/www.experta.com.ar\/wp-content\/uploads\/2025\/10\/experta-seguros-flechas.png\" class=\"attachment-large size-large wp-image-19\" alt=\"\" \/>\t\t\t\t\t\t\t\t\t\t\t\t\t\t\t<\/div>\n\t\t\t\t<div class=\"elementor-element elementor-element-10e7338 elementor-widget__width-initial elementor-widget-mobile__width-inherit elementor-widget elementor-widget-heading\" data-id=\"10e7338\" data-element_type=\"widget\" data-e-type=\"widget\" data-widget_type=\"heading.default\">\n\t\t\t\t\t<h2 class=\"elementor-heading-title elementor-size-default\">App movilidad para preventores - legales<\/h2>\t\t\t\t<\/div>\n\t\t\t\t<\/div>\n\t\t<div class=\"elementor-element elementor-element-2d05e91 e-con-full e-flex e-con e-child\" data-id=\"2d05e91\" data-element_type=\"container\" data-e-type=\"container\">\n\t\t\t\t<div class=\"elementor-element elementor-element-521c00d elementor-widget-mobile__width-inherit elementor-widget elementor-widget-text-editor\" data-id=\"521c00d\" data-element_type=\"widget\" data-e-type=\"widget\" data-widget_type=\"text-editor.default\">\n\t\t\t\t\t\t\t\t\t<div class=\"wpb_wrapper\"><p>A continuaci\u00f3n, se describen los T\u00e9rminos y Condiciones Generales aplicables a la utilizaci\u00f3n de la aplicaci\u00f3n m\u00f3vil (la \u201cAplicaci\u00f3n\u201d) denominada \u201cMovilidad para Preventores\u201d de Experta ART S.A. (en adelante, Experta) y de los servicios y contenidos brindados que se ponen a disposici\u00f3n de los usuarios de la Aplicaci\u00f3n. La misma es de uso exclusivo de profesionales de Higiene y Seguridad que prestan el servicios de realizaci\u00f3n de visitas t\u00e9cnicas a clientes para la gerencia de Prevenci\u00f3n de Experta.<br \/>En atenci\u00f3n a ello, se solicita leer atentamente las condiciones generales previo a la utilizaci\u00f3n de la Aplicaci\u00f3n y, en caso de duda, contactarse con la Gerencia de Prevenci\u00f3n de Experta ART a trav\u00e9s del correo electr\u00f3nico\u00a0<span style=\"color: #000000;\"><a style=\"color: #000000;\" href=\"mailto:prevencion@experta.com.ar\">prevencion@experta.com.ar<\/a>.<\/span><br \/>Experta podr\u00e1 ampliar y\/o restringir, seg\u00fan su exclusiva voluntad y sin preaviso alguno, las operaciones permitidas y\/o habilitadas en la Aplicaci\u00f3n.\u00a0<\/p><p>\u00a0<\/p><p><b class=\"bold-blue subtitle\">Acceso a la Aplicaci\u00f3n. Seguridad. Obligaciones.<\/b><\/p><p>El acceso a la Aplicaci\u00f3n es de uso exclusivo de profesionales de Higiene y Seguridad en el Trabajo que se encuentren registrados como proveedores en el sistema de Experta ART y se realiza a trav\u00e9s del ingreso de un nombre de usuario (mail) y la password. Por la sola utilizaci\u00f3n de la Aplicaci\u00f3n, el usuario acepta que al ingresar a la misma proporcionando su nombre de usuario y password, toda transacci\u00f3n se considerar\u00e1 hecha por el usuario.<\/p><p>La password es secreta e intransferible y por lo tanto, el usuario asume las consecuencias que podr\u00edan derivarse de su utilizaci\u00f3n por parte de terceros.<\/p><p>El usuario se compromete a proteger y mantener en total confidencialidad la password.<\/p><p>El usuario reconoce como v\u00e1lidas las pruebas que surjan de los elementos que componen el sistema inform\u00e1tico de Experta, como as\u00ed tambi\u00e9n, toda otra que sea h\u00e1bil para acreditar la orden impartida, y renuncia expresamente a cuestionar la idoneidad o habilidad de las pruebas existentes.<\/p><p>El usuario renuncia a efectuar reclamo alguno a Experta por da\u00f1os derivados del uso que \u00e9l realice en el acceso a la Aplicaci\u00f3n, comprometi\u00e9ndose a mantener indemne a Experta, sus directores y personal dependiente, de cualquier da\u00f1o que se derive de dicho uso, salvo que, de los elementos aportados a trav\u00e9s de la Aplicaci\u00f3n se verifique culpa grave o dolo de Experta y que dicha culpa grave o dolo ocasione un da\u00f1o al usuario de la Aplicaci\u00f3n. Tampoco podr\u00e1 el usuario revender, ceder o licenciar en forma alguna el servicio brindado a trav\u00e9s de la Aplicaci\u00f3n, o de cualquier otro modo, autorizar o permitir su uso a terceros, salvo en los casos habilitados y\/o autorizados por Experta.<\/p><p>A los efectos de resolver cualquier controversia que se suscite con relaci\u00f3n a la utilizaci\u00f3n de la Aplicaci\u00f3n, el usuario declara y acepta que las constancias emanadas de los registros de Experta -ya sean electr\u00f3nicas o por medios impresos- constituyen prueba suficiente y concluyente de las operaciones electr\u00f3nicas en ellos contenidas y de los actos y transacciones realizados por Experta. La buena fe de las constancias electr\u00f3nicas o impresas que aporte Experta, subsistir\u00e1 hasta que por sentencia firme se declare judicialmente su falsedad o nulidad.<\/p><p>Experta no asume ninguna responsabilidad por los inconvenientes que el usuario tuviera con el software, hardware, servidores.<\/p><p>\u00a0<\/p><p><b class=\"bold-blue subtitle\">Incumplimiento de las obligaciones asumidas.<\/b><\/p><p>El incumplimiento de cualquiera de las obligaciones aqu\u00ed descriptas que asume el usuario, ocasionar\u00e1 autom\u00e1ticamente la caducidad del derecho de utilizaci\u00f3n de la Aplicaci\u00f3n.<\/p><p>\u00a0<\/p><p><b class=\"bold-blue subtitle\">Modificaciones al Servicio.<\/b><\/p><p>El usuario declara y acepta que Experta tiene el derecho de modificar o discontinuar el servicio que presta por intermedio de la Aplicaci\u00f3n en forma temporal o permanente, en cualquier momento, sin previo aviso, liber\u00e1ndola, irrevocablemente de toda responsabilidad.<\/p><p>\u00a0<\/p><p><b class=\"bold-blue subtitle\">Informaci\u00f3n contenida en la Aplicaci\u00f3n.<\/b><\/p><p>El usuario, declara y acepta que la informaci\u00f3n contenida en la Aplicaci\u00f3n no debe ser utilizada por los usuarios para la toma de decisiones, por lo que expresamente el usuario renuncia a efectuar alg\u00fan reclamo a Experta por el contenido de la informaci\u00f3n brindada en la Aplicaci\u00f3n. Asimismo, asume el compromiso de mantener indemne a Experta de cualquier acci\u00f3n que se promoviere contra ella por la informaci\u00f3n brindada en la Aplicaci\u00f3n y a la que se tuviera acceso mediante la clave otorgada al usuario.<\/p><p>El usuario declara y acepta que la informaci\u00f3n contenida en la Aplicaci\u00f3n tiene car\u00e1cter confidencial por lo que se obliga a abstenerse de su divulgaci\u00f3n, salvo que se trate de informaci\u00f3n que haya adquirido estado p\u00fablico por causas ajenas al usuario o a Experta o que debiere ser divulgada por disposici\u00f3n legal o por orden judicial.<\/p><p>Esta obligaci\u00f3n subsistir\u00e1 por tiempo indeterminado, aun despu\u00e9s de concluida la vigencia del contrato que vincula al usuario con Experta.<\/p><p>El usuario se compromete a conocer y cumplir todos y cada uno de los T\u00e9rminos y Condiciones Generales de la utilizaci\u00f3n de la Aplicaci\u00f3n.<\/p><p>\u00a0<\/p><p><b class=\"bold-blue subtitle\">Marcas registradas y Derecho de Autor.<\/b><\/p><p>Todo el contenido de la Aplicaci\u00f3n, incluido, los textos, gr\u00e1ficos, logos, \u00edconos, im\u00e1genes, marca, software son de propiedad de Experta, o bien, Experta tiene licencia para su utilizaci\u00f3n, a menos que se establezca lo contrario.<\/p><p>Queda prohibido copiar, descargar o almacenar en forma temporaria fragmentos de la Aplicaci\u00f3n. El usuario podr\u00e1 hacer impresiones en los casos en que dicha funci\u00f3n est\u00e9 prevista y\/o habilitada en esta herramienta inform\u00e1tica y con relaci\u00f3n a los documentos que el usuario deba imprimir para el ejercicio de su derecho y\/o con relaci\u00f3n a la relaci\u00f3n comercial que lo vincula\/r\u00e1 con Experta.<\/p><p>\u00a0<\/p><p><b class=\"bold-blue subtitle\">Prevenci\u00f3n y Lucha contra el Fraude.<\/b><\/p><p>En virtud de la normativa vigente para combatir el fraude, Resoluci\u00f3n SSN 38.477\/2014\u00a0<span style=\"color: #000000;\"><a style=\"color: #000000;\" href=\"http:\/\/servicios.infoleg.gob.ar\/infolegInternet\/anexos\/230000-234999\/232554\/norma.htm\" target=\"_blank\" rel=\"noopener\">http:\/\/servicios.infoleg.gob.ar\/infolegInternet\/anexos\/230000-234999\/232554\/norma.htm<\/a>,<\/span> Experta pone a disposici\u00f3n su espacio informativo para tal fin:\u00a0<a href=\"https:\/\/www.experta.com.ar\/index.php\/prevencion-contra-el-fraude\/\" target=\"_blank\" rel=\"noopener\"><span style=\"color: #000000;\">https:\/\/www.experta.urlconceptsite.com\/fraude\/<\/span><\/a>. Inf\u00f3rmese y resgu\u00e1rdese. Asimismo, se encuentra disponible el canal de comunicaci\u00f3n de eventos potenciales sospechosos, L\u00ednea \u00c9tica, mediante el correo lineaetica@experta.urlconceptsite.com, donde todo reporte ser\u00e1 tratado bajo absoluta reserva y confidencialidad de los datos recibidos.<\/p><p>\u00a0<\/p><p><b class=\"bold-blue subtitle\">Jurisdicci\u00f3n y Ley Aplicable.<\/b><\/p><p>El usuario acepta que toda relaci\u00f3n que se genere en virtud del acceso y utilizaci\u00f3n de la Aplicaci\u00f3n ser\u00e1 regida por las leyes de la Rep\u00fablica Argentina. Asimismo, resultar\u00e1n competentes para dirimir cualquier controversia los Tribunales Nacionales en lo Comercial de la Ciudad Aut\u00f3noma de Buenos Aires, con renuncia expresa a cualquier otro fuero o jurisdicci\u00f3n.<\/p><p>\u00a0<\/p><p><b class=\"bold-blue subtitle\">Notificaciones.<\/b><\/p><p>Experta podr\u00e1 notificar a los usuarios de la Aplicaci\u00f3n cualquier tema concerniente a la utilizaci\u00f3n de esta \u00faltima y de los servicios que por su intermedio se presten y cualquier cambio que resuelva introducir a las presentes condiciones de utilizaci\u00f3n de la Aplicaci\u00f3n, mediante correo postal, correos electr\u00f3nicos, o avisos insertos en la misma.<\/p><\/div>\t\t\t\t\t\t\t\t<\/div>\n\t\t\t\t<div class=\"elementor-element elementor-element-7cd2ddd elementor-widget__width-inherit elementor-widget-mobile__width-initial elementor-widget elementor-widget-heading\" data-id=\"7cd2ddd\" data-element_type=\"widget\" data-e-type=\"widget\" data-widget_type=\"heading.default\">\n\t\t\t\t\t<h3 class=\"elementor-heading-title elementor-size-default\">Pol\u00edtica de privacidad<\/h3>\t\t\t\t<\/div>\n\t\t\t\t<div class=\"elementor-element elementor-element-f434e34 elementor-widget-mobile__width-inherit elementor-widget elementor-widget-text-editor\" data-id=\"f434e34\" data-element_type=\"widget\" data-e-type=\"widget\" data-widget_type=\"text-editor.default\">\n\t\t\t\t\t\t\t\t\t<div class=\"wpb_wrapper\"><p>Las presentes Pol\u00edticas de Privacidad (en adelante, las \u201cPol\u00edticas\u201d) establecen los t\u00e9rminos en que usa y protege la informaci\u00f3n que es proporcionada por sus usuarios al momento de utilizar esta aplicaci\u00f3n m\u00f3vil (en adelante, la \u201cAplicaci\u00f3n\u201d). Experta ART S.A. en adelante, \u201cExperta\u201d est\u00e1 comprometida con la seguridad de los datos de sus usuarios, y en el cumplimiento de todas las leyes aplicables sobre protecci\u00f3n de datos y privacidad. No le pedimos llenar campos de informaci\u00f3n personal debido a que \u201cExperta\u201d ya cuenta con la misma al momento de darlo de alta como proveedor. Sin embargo, estas Pol\u00edticas pueden cambiar con el tiempo o ser actualizadas, por lo que le recomendamos revisar continuamente estas Pol\u00edticas para asegurarse que est\u00e1 de acuerdo con dichos cambios. Experta tiene especial respeto por el derecho a la privacidad de sus usuarios. Estas Pol\u00edticas resumen la informaci\u00f3n de identificaci\u00f3n personal que podemos obtener y la forma en que podemos usar esta informaci\u00f3n.<\/p><p>Informaci\u00f3n que es recogida: Nuestra Aplicaci\u00f3n no solicita datos personales de los usuarios de la Aplicaci\u00f3n ya que se trata de una aplicaci\u00f3n t\u00e9cnica que se utiliza para asesorar y relevar las condiciones de Higiene y Seguridad de los lugares de trabajo de nuestros clientes en cumplimiento de lo establecido en el Art\u00edculo 18\u00b0 del Decreto PEN 170\/96, reglamentario de la Ley 24557 de Riesgos del Trabajo. Asimismo. La mencionada informaci\u00f3n quedar\u00e1 almacenada en las Bases de Datos de Experta.<\/p><p>En cuanto a los permisos requeridos para el uso de la aplicaci\u00f3n, se le solicitar\u00e1n al usuario los siguientes permisos<\/p><ul><li>Posici\u00f3n GPS: para obtener la posici\u00f3n precisa del centro de trabajo donde nuestro cliente realiza las actividades laborales aseguradas, con el fin de actualizar en nuestro sistema central la posici\u00f3n real del establecimiento.<\/li><li>C\u00e1mara: para tomar fotograf\u00edas de los formularios completos y permitir la realizaci\u00f3n del proceso de digitalizaci\u00f3n. As\u00ed como tambi\u00e9n, poder tomar fotograf\u00edas de los establecimientos con la intenci\u00f3n de dejar un relevamiento fotogr\u00e1fico del mismo.<\/li><li>Archivos: para poder almacenar las im\u00e1genes y el PDF que generaremos como resultado de la digitalizaci\u00f3n. Es necesario realizar un almacenamiento local para posteriormente transmitirlo al sistema central de archivos.<\/li><\/ul><p><br \/>Uso de la informaci\u00f3n recogida: Nuestra Aplicaci\u00f3n usa la informaci\u00f3n evaluar las condiciones de trabajo de los empleados asegurados como as\u00ed tambi\u00e9n asesorar al empleador en materia de Higiene y Seguridad en el Trabajo. Experta usar\u00e1 los datos recabados para dar cumplimiento con lo exigido por la normativa emitida por la Superintendencia de Riesgos del Trabajo.<\/p><p>Experta garantiza que no vender\u00e1, alquilar\u00e1, transferir\u00e1 ni ceder\u00e1 los datos personales de sus usuarios a terceros sin su expreso consentimiento.<\/p><p>Orden de Autoridades competentes: Experta coopera con las autoridades competentes y con otros terceros para garantizar el cumplimiento de las leyes, por ejemplo, en materia de protecci\u00f3n de derechos de propiedad industrial e intelectual, prevenci\u00f3n del fraude y otras materias. Experta podr\u00e1 revelar la informaci\u00f3n de los clientes que nos has suministrado cuando as\u00ed lo exijan las autoridades judiciales o gubernamentales competentes para efectos de investigaciones conducidas por ellas, aunque no exista una orden ni una citaci\u00f3n ejecutiva o judicial, o por ejemplo (y sin limitaci\u00f3n a este supuesto) cuando se trate de investigaciones de car\u00e1cter penal o de fraude o las relacionadas con pirater\u00eda inform\u00e1tica. En tales situaciones, Experta colaborar\u00e1 con las autoridades competentes con el fin de salvaguardar la integridad y la seguridad de sus usuarios.<\/p><p>Seguridad: Experta toma en serio la seguridad de la informaci\u00f3n y utiliza medidas administrativas, t\u00e9cnicas, f\u00edsicas y de gesti\u00f3n razonables para proteger su informaci\u00f3n personal del acceso no autorizado. Lamentablemente, ning\u00fan sistema de seguridad es absolutamente seguro. Por lo tanto, no podemos garantizar la seguridad de su informaci\u00f3n y no podemos asumir la responsabilidad ante un acceso inapropiado.<\/p><p>Actualizaciones: Experta se reserva el derecho de actualizar o modificar estas Pol\u00edticas en cualquier momento y sin previo aviso, mediante la publicaci\u00f3n de la versi\u00f3n revisada de la misma en nuestra Aplicaci\u00f3n. En caso de modificaci\u00f3n de estas Pol\u00edticas, la modificaci\u00f3n s\u00f3lo se aplicar\u00e1 a la informaci\u00f3n personal que obtengamos despu\u00e9s de publicar la pol\u00edtica modificada en el sitio.<\/p><p>\u00a0<\/p><p><b class=\"bold-blue subtitle\">Protecci\u00f3n de Datos Personales.<\/b><\/p><p>Los datos se recolectan \u00fanicamente para ser utilizados con motivo de la relaci\u00f3n comercial que lo vincula\/r\u00e1 con Experta.<\/p><p>Se hace saber que, de conformidad con el art\u00edculo 3\u00b0 de la 14\/2018 de la Agencia de Acceso a la Informaci\u00f3n P\u00fablica, \u201cLA AGENCIA DE ACCESO A LA INFORMACI\u00d3N P\u00daBLICA, en su car\u00e1cter de \u00d3rgano de Control de la Ley N\u00b0 25.326, tiene la atribuci\u00f3n de atender las denuncias y reclamos que interpongan quienes resulten afectados en sus derechos por incumplimiento de las normas vigentes en materia de protecci\u00f3n de datos personales\u201d.<\/p><p>\u00a0<\/p><p><b class=\"bold-blue subtitle\">Derecho de Acceso a la informaci\u00f3n.<\/b><\/p><p>El derecho de acceso a los datos s\u00f3lo puede ser ejercido en forma gratuita a intervalos no inferiores a seis meses, salvo que se acredite un inter\u00e9s leg\u00edtimo al efecto, conforme lo establecido en el art\u00edculo 14, inciso 3 de la ley 25.326<\/p><p>Procedimiento: El titular de los datos personales, previa acreditaci\u00f3n de su identidad, puede ejercer su derecho de acceso a la informaci\u00f3n de manera gratuita, por medio de las siguientes v\u00edas:<\/p><ul><li>En forma directa, mediante la presentaci\u00f3n del titular de los datos en la compa\u00f1\u00eda dejando una nota por escrito, acompa\u00f1ando copia de su documento de identidad e indicando a trav\u00e9s de qu\u00e9 v\u00eda desea recibir la informaci\u00f3n.<\/li><li>A trav\u00e9s de una intimaci\u00f3n fehaciente por medio escrito que deje constancia de recepci\u00f3n.<\/li><li>Enviando un email a clientes@experta.urlconceptsite.com , adjuntando copia escaneada del documento de identidad del titular.<\/li><\/ul><p>En todos los casos, Experta contestar\u00e1 el requerimiento por escrito o v\u00eda email, dependiendo de la forma que el usuario solicit\u00f3 recibir la informaci\u00f3n, dentro del plazo de diez d\u00edas corridos desde la recepci\u00f3n del mismo dejando constancia del env\u00edo de la respuesta.<\/p><p>\u00a0<\/p><p><b class=\"bold-blue subtitle\">Derecho de rectificaci\u00f3n, actualizaci\u00f3n o supresi\u00f3n de datos personales. Art\u00edculo 16 ley 25.326 Ley de Protecci\u00f3n de Datos Personales.<\/b><\/p><p>El titular de los datos tiene derecho a que sus datos sean rectificados, actualizados o suprimidos. Experta deber\u00e1 proceder a realizar los cambios solicitados por el titular de los datos personales dentro de los cinco d\u00edas h\u00e1biles de recibido el reclamo.<\/p><p>\u00a0<\/p><p><b class=\"bold-blue subtitle\">Jurisdicci\u00f3n y Ley Aplicable.<\/b><\/p><p>El usuario acepta que toda relaci\u00f3n que se genere en virtud del acceso y utilizaci\u00f3n de la Aplicaci\u00f3n ser\u00e1 regida por las leyes de la Rep\u00fablica Argentina. Asimismo, resultar\u00e1n competentes para dirimir cualquier controversia los Tribunales Nacionales en lo Comercial de la Ciudad Aut\u00f3noma de Buenos Aires, con renuncia expresa a cualquier otro fuero o jurisdicci\u00f3n.<\/p><p>\u00a0<\/p><p><b class=\"bold-blue subtitle\">Notificaciones<\/b><\/p><p>Experta podr\u00e1 notificar a los usuarios de la Aplicaci\u00f3n cualquier tema concerniente a la utilizaci\u00f3n de esta \u00faltima y de los servicios que por su intermedio se presten y cualquier cambio que resuelva introducir a las presentes condiciones de utilizaci\u00f3n de la Aplicaci\u00f3n, mediante correo postal, correos electr\u00f3nicos, o avisos insertos en la misma.<\/p><\/div>\t\t\t\t\t\t\t\t<\/div>\n\t\t\t\t<\/div>\n\t\t\t\t\t<\/div>\n\t\t\t\t<\/div>\n\t\t\t\t<\/div>\n\t\t\t\t<\/div>\n\t\t","protected":false},"excerpt":{"rendered":"<p>App movilidad para preventores &#8211; legales A continuaci\u00f3n, se describen los T\u00e9rminos y Condiciones Generales aplicables a la utilizaci\u00f3n de la aplicaci\u00f3n m\u00f3vil (la \u201cAplicaci\u00f3n\u201d) denominada \u201cMovilidad para Preventores\u201d de Experta ART S.A. (en adelante, Experta) y de los servicios y contenidos brindados que se ponen a disposici\u00f3n de los usuarios de la Aplicaci\u00f3n. La [&hellip;]<\/p>\n","protected":false},"author":1,"featured_media":0,"parent":0,"menu_order":0,"comment_status":"closed","ping_status":"closed","template":"","meta":{"_acf_changed":false,"footnotes":""},"class_list":["post-792","page","type-page","status-publish","hentry"],"acf":[],"_links":{"self":[{"href":"https:\/\/www.experta.com.ar\/index.php\/wp-json\/wp\/v2\/pages\/792","targetHints":{"allow":["GET"]}}],"collection":[{"href":"https:\/\/www.experta.com.ar\/index.php\/wp-json\/wp\/v2\/pages"}],"about":[{"href":"https:\/\/www.experta.com.ar\/index.php\/wp-json\/wp\/v2\/types\/page"}],"author":[{"embeddable":true,"href":"https:\/\/www.experta.com.ar\/index.php\/wp-json\/wp\/v2\/users\/1"}],"replies":[{"embeddable":true,"href":"https:\/\/www.experta.com.ar\/index.php\/wp-json\/wp\/v2\/comments?post=792"}],"version-history":[{"count":7,"href":"https:\/\/www.experta.com.ar\/index.php\/wp-json\/wp\/v2\/pages\/792\/revisions"}],"predecessor-version":[{"id":799,"href":"https:\/\/www.experta.com.ar\/index.php\/wp-json\/wp\/v2\/pages\/792\/revisions\/799"}],"wp:attachment":[{"href":"https:\/\/www.experta.com.ar\/index.php\/wp-json\/wp\/v2\/media?parent=792"}],"curies":[{"name":"wp","href":"https:\/\/api.w.org\/{rel}","templated":true}]}}