{"id":329,"date":"2025-10-31T23:10:03","date_gmt":"2025-10-31T22:10:03","guid":{"rendered":"https:\/\/www.experta.com.ar\/?page_id=329"},"modified":"2025-11-11T04:07:23","modified_gmt":"2025-11-11T03:07:23","slug":"recursos-humanos","status":"publish","type":"page","link":"https:\/\/www.experta.com.ar\/index.php\/recursos-humanos\/","title":{"rendered":"RRSS"},"content":{"rendered":"\t\t<div data-elementor-type=\"wp-page\" data-elementor-id=\"329\" class=\"elementor elementor-329\" data-elementor-post-type=\"page\">\n\t\t\t\t<div class=\"elementor-element elementor-element-cde6a7f e-con-full e-flex e-con e-parent\" data-id=\"cde6a7f\" data-element_type=\"container\" data-e-type=\"container\" data-settings=\"{&quot;background_background&quot;:&quot;classic&quot;}\">\n\t\t<div class=\"elementor-element elementor-element-62973ea e-con-full e-flex e-con e-child\" data-id=\"62973ea\" data-element_type=\"container\" data-e-type=\"container\">\n\t\t<div class=\"elementor-element elementor-element-8200b05 e-con-full e-flex elementor-invisible e-con e-child\" data-id=\"8200b05\" data-element_type=\"container\" data-e-type=\"container\" data-settings=\"{&quot;animation&quot;:&quot;fadeInLeft&quot;}\">\n\t\t\t\t<div class=\"elementor-element elementor-element-a12d2e8 elementor-widget__width-initial elementor-hidden-mobile elementor-widget elementor-widget-image\" data-id=\"a12d2e8\" data-element_type=\"widget\" data-e-type=\"widget\" data-widget_type=\"image.default\">\n\t\t\t\t\t\t\t\t\t\t\t\t\t\t\t<img decoding=\"async\" width=\"225\" height=\"117\" src=\"https:\/\/www.experta.com.ar\/wp-content\/uploads\/2025\/10\/experta-seguros-flechas.png\" class=\"attachment-large size-large wp-image-19\" alt=\"\" \/>\t\t\t\t\t\t\t\t\t\t\t\t\t\t\t<\/div>\n\t\t\t\t<div class=\"elementor-element elementor-element-c3291dc elementor-widget__width-auto elementor-widget-mobile__width-initial elementor-widget elementor-widget-heading\" data-id=\"c3291dc\" data-element_type=\"widget\" data-e-type=\"widget\" data-widget_type=\"heading.default\">\n\t\t\t\t\t<h2 class=\"elementor-heading-title elementor-size-default\">\u00bfQuer\u00e9s ser parte de Experta?<\/h2>\t\t\t\t<\/div>\n\t\t\t\t<\/div>\n\t\t<div class=\"elementor-element elementor-element-e997ff1 e-flex e-con-boxed e-con e-child\" data-id=\"e997ff1\" data-element_type=\"container\" data-e-type=\"container\">\n\t\t\t\t\t<div class=\"e-con-inner\">\n\t\t<div class=\"elementor-element elementor-element-a40a8b1 e-con-full e-flex e-con e-child\" data-id=\"a40a8b1\" data-element_type=\"container\" data-e-type=\"container\">\n\t\t\t\t<div class=\"elementor-element elementor-element-d2c7793 elementor-widget__width-initial elementor-invisible elementor-widget elementor-widget-heading\" data-id=\"d2c7793\" data-element_type=\"widget\" data-e-type=\"widget\" data-settings=\"{&quot;_animation&quot;:&quot;fadeIn&quot;}\" data-widget_type=\"heading.default\">\n\t\t\t\t\t<h3 class=\"elementor-heading-title elementor-size-default\">Te ofrecemos pertenecer a una compa\u00f1\u00eda l\u00edder en el mercado asegurador Argentino.<\/h3>\t\t\t\t<\/div>\n\t\t<div class=\"elementor-element elementor-element-d2df2d4 e-con-full e-flex e-con e-child\" data-id=\"d2df2d4\" data-element_type=\"container\" data-e-type=\"container\">\n\t\t<div class=\"elementor-element elementor-element-c76c2d8 e-con-full animated-slow e-transform e-flex elementor-invisible e-con e-child\" data-id=\"c76c2d8\" data-element_type=\"container\" data-e-type=\"container\" data-settings=\"{&quot;background_background&quot;:&quot;classic&quot;,&quot;animation&quot;:&quot;fadeIn&quot;,&quot;_transform_scale_effect_hover&quot;:{&quot;unit&quot;:&quot;px&quot;,&quot;size&quot;:0.9,&quot;sizes&quot;:[]},&quot;_transform_scale_effect_hover_tablet&quot;:{&quot;unit&quot;:&quot;px&quot;,&quot;size&quot;:&quot;&quot;,&quot;sizes&quot;:[]},&quot;_transform_scale_effect_hover_mobile&quot;:{&quot;unit&quot;:&quot;px&quot;,&quot;size&quot;:&quot;&quot;,&quot;sizes&quot;:[]}}\">\n\t\t\t\t<div class=\"elementor-element elementor-element-f4d499c elementor-widget-mobile__width-initial elementor-widget elementor-widget-image\" data-id=\"f4d499c\" data-element_type=\"widget\" data-e-type=\"widget\" data-widget_type=\"image.default\">\n\t\t\t\t\t\t\t\t\t\t\t\t\t\t\t<img decoding=\"async\" width=\"222\" height=\"222\" src=\"https:\/\/www.experta.com.ar\/wp-content\/uploads\/2025\/10\/experta-seguros-programas-pasantias.png\" class=\"attachment-large size-large wp-image-331\" alt=\"\" srcset=\"https:\/\/www.experta.com.ar\/wp-content\/uploads\/2025\/10\/experta-seguros-programas-pasantias.png 222w, https:\/\/www.experta.com.ar\/wp-content\/uploads\/2025\/10\/experta-seguros-programas-pasantias-150x150.png 150w\" sizes=\"(max-width: 222px) 100vw, 222px\" \/>\t\t\t\t\t\t\t\t\t\t\t\t\t\t\t<\/div>\n\t\t\t\t<div class=\"elementor-element elementor-element-c7eebfe elementor-widget__width-initial elementor-widget elementor-widget-heading\" data-id=\"c7eebfe\" data-element_type=\"widget\" data-e-type=\"widget\" data-widget_type=\"heading.default\">\n\t\t\t\t\t<h2 class=\"elementor-heading-title elementor-size-default\">Programas de pasant\u00edas y j\u00f3venes profesionales.<\/h2>\t\t\t\t<\/div>\n\t\t\t\t<\/div>\n\t\t<div class=\"elementor-element elementor-element-0ac4887 e-con-full animated-slow e-transform e-flex elementor-invisible e-con e-child\" data-id=\"0ac4887\" data-element_type=\"container\" data-e-type=\"container\" data-settings=\"{&quot;background_background&quot;:&quot;classic&quot;,&quot;animation&quot;:&quot;fadeIn&quot;,&quot;_transform_scale_effect_hover&quot;:{&quot;unit&quot;:&quot;px&quot;,&quot;size&quot;:0.9,&quot;sizes&quot;:[]},&quot;_transform_scale_effect_hover_tablet&quot;:{&quot;unit&quot;:&quot;px&quot;,&quot;size&quot;:&quot;&quot;,&quot;sizes&quot;:[]},&quot;_transform_scale_effect_hover_mobile&quot;:{&quot;unit&quot;:&quot;px&quot;,&quot;size&quot;:&quot;&quot;,&quot;sizes&quot;:[]}}\">\n\t\t\t\t<div class=\"elementor-element elementor-element-95de07f elementor-widget-mobile__width-initial elementor-widget elementor-widget-image\" data-id=\"95de07f\" data-element_type=\"widget\" data-e-type=\"widget\" data-widget_type=\"image.default\">\n\t\t\t\t\t\t\t\t\t\t\t\t\t\t\t<img decoding=\"async\" width=\"222\" height=\"222\" src=\"https:\/\/www.experta.com.ar\/wp-content\/uploads\/2025\/10\/experta-seguros-capacitaciones-cursos.png\" class=\"attachment-large size-large wp-image-332\" alt=\"\" srcset=\"https:\/\/www.experta.com.ar\/wp-content\/uploads\/2025\/10\/experta-seguros-capacitaciones-cursos.png 222w, https:\/\/www.experta.com.ar\/wp-content\/uploads\/2025\/10\/experta-seguros-capacitaciones-cursos-150x150.png 150w\" sizes=\"(max-width: 222px) 100vw, 222px\" \/>\t\t\t\t\t\t\t\t\t\t\t\t\t\t\t<\/div>\n\t\t\t\t<div class=\"elementor-element elementor-element-5596a90 elementor-widget__width-inherit elementor-widget-mobile__width-initial elementor-widget elementor-widget-heading\" data-id=\"5596a90\" data-element_type=\"widget\" data-e-type=\"widget\" data-widget_type=\"heading.default\">\n\t\t\t\t\t<h2 class=\"elementor-heading-title elementor-size-default\">Capacitaciones y cursos de formaci\u00f3n para permitir el crecimiento y desarrollo de nuestros colaboradores.<\/h2>\t\t\t\t<\/div>\n\t\t\t\t<\/div>\n\t\t<div class=\"elementor-element elementor-element-bde54ef e-con-full animated-slow e-transform e-flex elementor-invisible e-con e-child\" data-id=\"bde54ef\" data-element_type=\"container\" data-e-type=\"container\" data-settings=\"{&quot;background_background&quot;:&quot;classic&quot;,&quot;animation&quot;:&quot;fadeIn&quot;,&quot;_transform_scale_effect_hover&quot;:{&quot;unit&quot;:&quot;px&quot;,&quot;size&quot;:0.9,&quot;sizes&quot;:[]},&quot;_transform_scale_effect_hover_tablet&quot;:{&quot;unit&quot;:&quot;px&quot;,&quot;size&quot;:&quot;&quot;,&quot;sizes&quot;:[]},&quot;_transform_scale_effect_hover_mobile&quot;:{&quot;unit&quot;:&quot;px&quot;,&quot;size&quot;:&quot;&quot;,&quot;sizes&quot;:[]}}\">\n\t\t\t\t<div class=\"elementor-element elementor-element-b0284eb elementor-widget-mobile__width-initial elementor-widget elementor-widget-image\" data-id=\"b0284eb\" data-element_type=\"widget\" data-e-type=\"widget\" data-widget_type=\"image.default\">\n\t\t\t\t\t\t\t\t\t\t\t\t\t\t\t<img loading=\"lazy\" decoding=\"async\" width=\"222\" height=\"222\" src=\"https:\/\/www.experta.com.ar\/wp-content\/uploads\/2025\/10\/experta-seguros-plataforma-virtual.png\" class=\"attachment-large size-large wp-image-333\" alt=\"\" srcset=\"https:\/\/www.experta.com.ar\/wp-content\/uploads\/2025\/10\/experta-seguros-plataforma-virtual.png 222w, https:\/\/www.experta.com.ar\/wp-content\/uploads\/2025\/10\/experta-seguros-plataforma-virtual-150x150.png 150w\" sizes=\"(max-width: 222px) 100vw, 222px\" \/>\t\t\t\t\t\t\t\t\t\t\t\t\t\t\t<\/div>\n\t\t\t\t<div class=\"elementor-element elementor-element-3d55b26 elementor-widget__width-initial elementor-widget elementor-widget-heading\" data-id=\"3d55b26\" data-element_type=\"widget\" data-e-type=\"widget\" data-widget_type=\"heading.default\">\n\t\t\t\t\t<h2 class=\"elementor-heading-title elementor-size-default\">Plataforma virtual de capacitaci\u00f3n que te va a mantener actualizado.<\/h2>\t\t\t\t<\/div>\n\t\t\t\t<\/div>\n\t\t<div class=\"elementor-element elementor-element-410ffd9 e-con-full animated-slow e-transform e-flex elementor-invisible e-con e-child\" data-id=\"410ffd9\" data-element_type=\"container\" data-e-type=\"container\" data-settings=\"{&quot;background_background&quot;:&quot;classic&quot;,&quot;animation&quot;:&quot;fadeIn&quot;,&quot;_transform_scale_effect_hover&quot;:{&quot;unit&quot;:&quot;px&quot;,&quot;size&quot;:0.9,&quot;sizes&quot;:[]},&quot;_transform_scale_effect_hover_tablet&quot;:{&quot;unit&quot;:&quot;px&quot;,&quot;size&quot;:&quot;&quot;,&quot;sizes&quot;:[]},&quot;_transform_scale_effect_hover_mobile&quot;:{&quot;unit&quot;:&quot;px&quot;,&quot;size&quot;:&quot;&quot;,&quot;sizes&quot;:[]}}\">\n\t\t\t\t<div class=\"elementor-element elementor-element-5e034c4 elementor-widget-mobile__width-initial elementor-widget elementor-widget-image\" data-id=\"5e034c4\" data-element_type=\"widget\" data-e-type=\"widget\" data-widget_type=\"image.default\">\n\t\t\t\t\t\t\t\t\t\t\t\t\t\t\t<img loading=\"lazy\" decoding=\"async\" width=\"222\" height=\"222\" src=\"https:\/\/www.experta.com.ar\/wp-content\/uploads\/2025\/10\/experta-seguros-paquete-beneficios.png\" class=\"attachment-large size-large wp-image-334\" alt=\"\" srcset=\"https:\/\/www.experta.com.ar\/wp-content\/uploads\/2025\/10\/experta-seguros-paquete-beneficios.png 222w, https:\/\/www.experta.com.ar\/wp-content\/uploads\/2025\/10\/experta-seguros-paquete-beneficios-150x150.png 150w\" sizes=\"(max-width: 222px) 100vw, 222px\" \/>\t\t\t\t\t\t\t\t\t\t\t\t\t\t\t<\/div>\n\t\t\t\t<div class=\"elementor-element elementor-element-70d87ed elementor-widget__width-inherit elementor-widget-mobile__width-initial elementor-widget elementor-widget-heading\" data-id=\"70d87ed\" data-element_type=\"widget\" data-e-type=\"widget\" data-widget_type=\"heading.default\">\n\t\t\t\t\t<h2 class=\"elementor-heading-title elementor-size-default\">Paquete de beneficios\u00a0 competitivo que alinea calidad de vida, salud, educaci\u00f3n y deporte.<\/h2>\t\t\t\t<\/div>\n\t\t\t\t<\/div>\n\t\t\t\t<\/div>\n\t\t\t\t<\/div>\n\t\t<div class=\"elementor-element elementor-element-e8822d8 e-con-full e-flex elementor-invisible e-con e-child\" data-id=\"e8822d8\" data-element_type=\"container\" data-e-type=\"container\" data-settings=\"{&quot;background_background&quot;:&quot;classic&quot;,&quot;animation&quot;:&quot;fadeIn&quot;}\">\n\t\t\t\t<div class=\"elementor-element elementor-element-1e0a830 elementor-widget__width-initial elementor-widget elementor-widget-heading\" data-id=\"1e0a830\" data-element_type=\"widget\" data-e-type=\"widget\" data-widget_type=\"heading.default\">\n\t\t\t\t\t<h3 class=\"elementor-heading-title elementor-size-default\">Te invitamos a formar parte de nuestro equipo, y seguir creciendo con nosotros.<\/h3>\t\t\t\t<\/div>\n\t\t\t\t<div class=\"elementor-element elementor-element-4f9e217 elementor-button-align-center elementor-widget elementor-widget-form\" data-id=\"4f9e217\" data-element_type=\"widget\" data-e-type=\"widget\" data-settings=\"{&quot;step_next_label&quot;:&quot;Next&quot;,&quot;step_previous_label&quot;:&quot;Previous&quot;,&quot;button_width&quot;:&quot;100&quot;,&quot;step_type&quot;:&quot;number_text&quot;,&quot;step_icon_shape&quot;:&quot;circle&quot;}\" data-widget_type=\"form.default\">\n\t\t\t\t\t\t\t<form class=\"elementor-form\" method=\"post\" name=\"Formulario RRSS\" aria-label=\"Formulario RRSS\">\n\t\t\t<input type=\"hidden\" name=\"post_id\" value=\"329\"\/>\n\t\t\t<input type=\"hidden\" name=\"form_id\" value=\"4f9e217\"\/>\n\t\t\t<input type=\"hidden\" name=\"referer_title\" value=\"\" \/>\n\n\t\t\t\n\t\t\t<div class=\"elementor-form-fields-wrapper elementor-labels-\">\n\t\t\t\t\t\t\t\t<div class=\"elementor-field-type-text elementor-field-group elementor-column elementor-field-group-name elementor-col-50 elementor-field-required\">\n\t\t\t\t\t\t\t\t\t\t\t\t<label for=\"form-field-name\" class=\"elementor-field-label elementor-screen-only\">\n\t\t\t\t\t\t\t\tNombre\t\t\t\t\t\t\t<\/label>\n\t\t\t\t\t\t\t\t\t\t\t\t\t\t<input size=\"1\" type=\"text\" name=\"form_fields[name]\" id=\"form-field-name\" class=\"elementor-field elementor-size-md  elementor-field-textual\" placeholder=\"Nombre\" required=\"required\">\n\t\t\t\t\t\t\t\t\t\t\t<\/div>\n\t\t\t\t\t\t\t\t<div class=\"elementor-field-type-text elementor-field-group elementor-column elementor-field-group-field_4b1ff09 elementor-col-50 elementor-field-required\">\n\t\t\t\t\t\t\t\t\t\t\t\t<label for=\"form-field-field_4b1ff09\" class=\"elementor-field-label elementor-screen-only\">\n\t\t\t\t\t\t\t\tApellido\t\t\t\t\t\t\t<\/label>\n\t\t\t\t\t\t\t\t\t\t\t\t\t\t<input size=\"1\" type=\"text\" name=\"form_fields[field_4b1ff09]\" id=\"form-field-field_4b1ff09\" class=\"elementor-field elementor-size-md  elementor-field-textual\" placeholder=\"Apellido\" required=\"required\">\n\t\t\t\t\t\t\t\t\t\t\t<\/div>\n\t\t\t\t\t\t\t\t<div class=\"elementor-field-type-select elementor-field-group elementor-column elementor-field-group-field_4253e5d elementor-col-40 elementor-field-required\">\n\t\t\t\t\t\t\t\t\t\t\t\t<label for=\"form-field-field_4253e5d\" class=\"elementor-field-label elementor-screen-only\">\n\t\t\t\t\t\t\t\tTipo de documento\t\t\t\t\t\t\t<\/label>\n\t\t\t\t\t\t\t\t<div class=\"elementor-field elementor-select-wrapper remove-before \">\n\t\t\t<div class=\"select-caret-down-wrapper\">\n\t\t\t\t<svg aria-hidden=\"true\" class=\"e-font-icon-svg e-eicon-caret-down\" viewBox=\"0 0 571.4 571.4\" xmlns=\"http:\/\/www.w3.org\/2000\/svg\"><path d=\"M571 393Q571 407 561 418L311 668Q300 679 286 679T261 668L11 418Q0 407 0 393T11 368 36 357H536Q550 357 561 368T571 393Z\"><\/path><\/svg>\t\t\t<\/div>\n\t\t\t<select name=\"form_fields[field_4253e5d]\" id=\"form-field-field_4253e5d\" class=\"elementor-field-textual elementor-size-md\" required=\"required\">\n\t\t\t\t\t\t\t\t\t<option value=\"Tipo de documento\">Tipo de documento<\/option>\n\t\t\t\t\t\t\t\t\t<option value=\"DNI\">DNI<\/option>\n\t\t\t\t\t\t\t\t\t<option value=\"CUIL\">CUIL<\/option>\n\t\t\t\t\t\t\t\t\t<option value=\"Pasaporte\">Pasaporte<\/option>\n\t\t\t\t\t\t\t<\/select>\n\t\t<\/div>\n\t\t\t\t\t\t<\/div>\n\t\t\t\t\t\t\t\t<div class=\"elementor-field-type-number elementor-field-group elementor-column elementor-field-group-field_b4d3d37 elementor-col-60 elementor-field-required\">\n\t\t\t\t\t\t\t\t\t\t\t\t<label for=\"form-field-field_b4d3d37\" class=\"elementor-field-label elementor-screen-only\">\n\t\t\t\t\t\t\t\tN\u00famero\t\t\t\t\t\t\t<\/label>\n\t\t\t\t\t\t\t\t\t<input type=\"number\" name=\"form_fields[field_b4d3d37]\" id=\"form-field-field_b4d3d37\" class=\"elementor-field elementor-size-md  elementor-field-textual\" placeholder=\"N\u00famero\" required=\"required\" min=\"0\" max=\"\" >\n\t\t\t\t\t\t<\/div>\n\t\t\t\t\t\t\t\t<div class=\"elementor-field-type-number elementor-field-group elementor-column elementor-field-group-field_47623d6 elementor-col-40 elementor-field-required\">\n\t\t\t\t\t\t\t\t\t\t\t\t<label for=\"form-field-field_47623d6\" class=\"elementor-field-label elementor-screen-only\">\n\t\t\t\t\t\t\t\tPrefijo Celular\t\t\t\t\t\t\t<\/label>\n\t\t\t\t\t\t\t\t\t<input type=\"number\" name=\"form_fields[field_47623d6]\" id=\"form-field-field_47623d6\" class=\"elementor-field elementor-size-md  elementor-field-textual\" placeholder=\"Prefijo Celular\" required=\"required\" min=\"0\" max=\"\" >\n\t\t\t\t\t\t<\/div>\n\t\t\t\t\t\t\t\t<div class=\"elementor-field-type-number elementor-field-group elementor-column elementor-field-group-field_e59c962 elementor-col-60 elementor-field-required\">\n\t\t\t\t\t\t\t\t\t\t\t\t<label for=\"form-field-field_e59c962\" class=\"elementor-field-label elementor-screen-only\">\n\t\t\t\t\t\t\t\tN\u00famero de celular\t\t\t\t\t\t\t<\/label>\n\t\t\t\t\t\t\t\t\t<input type=\"number\" name=\"form_fields[field_e59c962]\" id=\"form-field-field_e59c962\" class=\"elementor-field elementor-size-md  elementor-field-textual\" placeholder=\"N\u00famero de celular\" required=\"required\" min=\"0\" max=\"\" >\n\t\t\t\t\t\t<\/div>\n\t\t\t\t\t\t\t\t<div class=\"elementor-field-type-text elementor-field-group elementor-column elementor-field-group-field_5fa75bf elementor-col-50 elementor-field-required\">\n\t\t\t\t\t\t\t\t\t\t\t\t<label for=\"form-field-field_5fa75bf\" class=\"elementor-field-label elementor-screen-only\">\n\t\t\t\t\t\t\t\tProvincia\t\t\t\t\t\t\t<\/label>\n\t\t\t\t\t\t\t\t\t\t\t\t\t\t<input size=\"1\" type=\"text\" name=\"form_fields[field_5fa75bf]\" id=\"form-field-field_5fa75bf\" class=\"elementor-field elementor-size-md  elementor-field-textual\" placeholder=\"Provincia\" required=\"required\">\n\t\t\t\t\t\t\t\t\t\t\t<\/div>\n\t\t\t\t\t\t\t\t<div class=\"elementor-field-type-text elementor-field-group elementor-column elementor-field-group-field_f5a92c9 elementor-col-50 elementor-field-required\">\n\t\t\t\t\t\t\t\t\t\t\t\t<label for=\"form-field-field_f5a92c9\" class=\"elementor-field-label elementor-screen-only\">\n\t\t\t\t\t\t\t\tLocalidad\t\t\t\t\t\t\t<\/label>\n\t\t\t\t\t\t\t\t\t\t\t\t\t\t<input size=\"1\" type=\"text\" name=\"form_fields[field_f5a92c9]\" id=\"form-field-field_f5a92c9\" class=\"elementor-field elementor-size-md  elementor-field-textual\" placeholder=\"Localidad\" required=\"required\">\n\t\t\t\t\t\t\t\t\t\t\t<\/div>\n\t\t\t\t\t\t\t\t<div class=\"elementor-field-type-email elementor-field-group elementor-column elementor-field-group-email elementor-col-100 elementor-field-required\">\n\t\t\t\t\t\t\t\t\t\t\t\t<label for=\"form-field-email\" class=\"elementor-field-label elementor-screen-only\">\n\t\t\t\t\t\t\t\tEmail\t\t\t\t\t\t\t<\/label>\n\t\t\t\t\t\t\t\t\t\t\t\t\t\t<input size=\"1\" type=\"email\" name=\"form_fields[email]\" id=\"form-field-email\" class=\"elementor-field elementor-size-md  elementor-field-textual\" placeholder=\"Email\" required=\"required\">\n\t\t\t\t\t\t\t\t\t\t\t<\/div>\n\t\t\t\t\t\t\t\t<div class=\"elementor-field-type-select elementor-field-group elementor-column elementor-field-group-field_69cc0d8 elementor-col-100\">\n\t\t\t\t\t\t\t\t\t\t\t\t<label for=\"form-field-field_69cc0d8\" class=\"elementor-field-label elementor-screen-only\">\n\t\t\t\t\t\t\t\t\u00c1rea a aplicar\t\t\t\t\t\t\t<\/label>\n\t\t\t\t\t\t\t\t<div class=\"elementor-field elementor-select-wrapper remove-before \">\n\t\t\t<div class=\"select-caret-down-wrapper\">\n\t\t\t\t<svg aria-hidden=\"true\" class=\"e-font-icon-svg e-eicon-caret-down\" viewBox=\"0 0 571.4 571.4\" xmlns=\"http:\/\/www.w3.org\/2000\/svg\"><path d=\"M571 393Q571 407 561 418L311 668Q300 679 286 679T261 668L11 418Q0 407 0 393T11 368 36 357H536Q550 357 561 368T571 393Z\"><\/path><\/svg>\t\t\t<\/div>\n\t\t\t<select name=\"form_fields[field_69cc0d8]\" id=\"form-field-field_69cc0d8\" class=\"elementor-field-textual elementor-size-md\">\n\t\t\t\t\t\t\t\t\t<option value=\"\u00c1rea a aplicar\">\u00c1rea a aplicar<\/option>\n\t\t\t\t\t\t\t\t\t<option value=\"Actuarial\">Actuarial<\/option>\n\t\t\t\t\t\t\t\t\t<option value=\"Administraci\u00f3n\">Administraci\u00f3n<\/option>\n\t\t\t\t\t\t\t\t\t<option value=\"Asistencia de gerencia\">Asistencia de gerencia<\/option>\n\t\t\t\t\t\t\t\t\t<option value=\"Atenci\u00f3n al cliente\">Atenci\u00f3n al cliente<\/option>\n\t\t\t\t\t\t\t\t\t<option value=\"Auditoria interna y fraude\">Auditoria interna y fraude<\/option>\n\t\t\t\t\t\t\t\t\t<option value=\"Auditoria medica\">Auditoria medica<\/option>\n\t\t\t\t\t\t\t\t\t<option value=\"Comercial interior\">Comercial interior<\/option>\n\t\t\t\t\t\t\t\t\t<option value=\"Compras\">Compras<\/option>\n\t\t\t\t\t\t\t\t\t<option value=\"Contabilidad\">Contabilidad<\/option>\n\t\t\t\t\t\t\t\t\t<option value=\"Finanzas\">Finanzas<\/option>\n\t\t\t\t\t\t\t\t\t<option value=\"Gesti\u00f3n comercial\">Gesti\u00f3n comercial<\/option>\n\t\t\t\t\t\t\t\t\t<option value=\"Gesti\u00f3n de siniestros\">Gesti\u00f3n de siniestros<\/option>\n\t\t\t\t\t\t\t\t\t<option value=\"Impuestos\">Impuestos<\/option>\n\t\t\t\t\t\t\t\t\t<option value=\"Legales\">Legales<\/option>\n\t\t\t\t\t\t\t\t\t<option value=\"Marketing\">Marketing<\/option>\n\t\t\t\t\t\t\t\t\t<option value=\"Planeamiento comercial\">Planeamiento comercial<\/option>\n\t\t\t\t\t\t\t\t\t<option value=\"Planeamiento y control de gesti\u00f3n\">Planeamiento y control de gesti\u00f3n<\/option>\n\t\t\t\t\t\t\t\t\t<option value=\"Prevenci\u00f3n de riesgos\">Prevenci\u00f3n de riesgos<\/option>\n\t\t\t\t\t\t\t\t\t<option value=\"Recursos humanos\">Recursos humanos<\/option>\n\t\t\t\t\t\t\t\t\t<option value=\"Sistemas\">Sistemas<\/option>\n\t\t\t\t\t\t\t\t\t<option value=\"Suscripci\u00f3n\">Suscripci\u00f3n<\/option>\n\t\t\t\t\t\t\t<\/select>\n\t\t<\/div>\n\t\t\t\t\t\t<\/div>\n\t\t\t\t\t\t\t\t<div class=\"elementor-field-type-html elementor-field-group elementor-column elementor-field-group-field_08f800e elementor-col-100\">\n\t\t\t\t\tAdjuntar el CV\t\t\t\t<\/div>\n\t\t\t\t\t\t\t\t<div class=\"elementor-field-type-upload elementor-field-group elementor-column elementor-field-group-field_1d5a310 elementor-col-100\">\n\t\t\t\t\t\t\t\t\t\t\t\t<label for=\"form-field-field_1d5a310\" class=\"elementor-field-label elementor-screen-only\">\n\t\t\t\t\t\t\t\tAdjuntar CV\t\t\t\t\t\t\t<\/label>\n\t\t\t\t\t\t\t\t<input type=\"file\" name=\"form_fields[field_1d5a310]\" id=\"form-field-field_1d5a310\" class=\"elementor-field elementor-size-md  elementor-upload-field\">\n\n\t\t\t\t\t\t<\/div>\n\t\t\t\t\t\t\t\t<div class=\"elementor-field-type-text\">\n\t\t\t\t\t<input size=\"1\" type=\"text\" name=\"form_fields[field_8bc77a9]\" id=\"form-field-field_8bc77a9\" class=\"elementor-field elementor-size-md \" style=\"display:none !important;\">\t\t\t\t<\/div>\n\t\t\t\t\t\t\t\t<div class=\"elementor-field-type-recaptcha_v3 elementor-field-group elementor-column elementor-field-group-field_17d670d elementor-col-100 recaptcha_v3-inline\">\n\t\t\t\t\t<div class=\"elementor-field\" id=\"form-field-field_17d670d\"><div class=\"elementor-g-recaptcha\" data-sitekey=\"6LfyxwgsAAAAAGvOMABks2wQT1tTao-fsCzPLRaf\" data-type=\"v3\" data-action=\"Form\" data-badge=\"inline\" data-size=\"invisible\"><\/div><\/div>\t\t\t\t<\/div>\n\t\t\t\t\t\t\t\t<div class=\"elementor-field-group elementor-column elementor-field-type-submit elementor-col-100 e-form__buttons\">\n\t\t\t\t\t<button class=\"elementor-button elementor-size-sm\" type=\"submit\">\n\t\t\t\t\t\t<span class=\"elementor-button-content-wrapper\">\n\t\t\t\t\t\t\t\t\t\t\t\t\t\t\t\t\t\t\t\t\t\t<span class=\"elementor-button-text\">Enviar<\/span>\n\t\t\t\t\t\t\t\t\t\t\t\t\t<\/span>\n\t\t\t\t\t<\/button>\n\t\t\t\t<\/div>\n\t\t\t<\/div>\n\t\t<\/form>\n\t\t\t\t\t\t<\/div>\n\t\t\t\t<\/div>\n\t\t\t\t\t<\/div>\n\t\t\t\t<\/div>\n\t\t\t\t<\/div>\n\t\t\t\t<\/div>\n\t\t\t\t<\/div>\n\t\t","protected":false},"excerpt":{"rendered":"<p>\u00bfQuer\u00e9s ser parte de Experta? Te ofrecemos pertenecer a una compa\u00f1\u00eda l\u00edder en el mercado asegurador Argentino. Programas de pasant\u00edas y j\u00f3venes profesionales. Capacitaciones y cursos de formaci\u00f3n para permitir el crecimiento y desarrollo de nuestros colaboradores. Plataforma virtual de capacitaci\u00f3n que te va a mantener actualizado. Paquete de beneficios\u00a0 competitivo que alinea calidad de [&hellip;]<\/p>\n","protected":false},"author":1,"featured_media":0,"parent":0,"menu_order":0,"comment_status":"closed","ping_status":"closed","template":"","meta":{"_acf_changed":false,"footnotes":""},"class_list":["post-329","page","type-page","status-publish","hentry"],"acf":[],"_links":{"self":[{"href":"https:\/\/www.experta.com.ar\/index.php\/wp-json\/wp\/v2\/pages\/329","targetHints":{"allow":["GET"]}}],"collection":[{"href":"https:\/\/www.experta.com.ar\/index.php\/wp-json\/wp\/v2\/pages"}],"about":[{"href":"https:\/\/www.experta.com.ar\/index.php\/wp-json\/wp\/v2\/types\/page"}],"author":[{"embeddable":true,"href":"https:\/\/www.experta.com.ar\/index.php\/wp-json\/wp\/v2\/users\/1"}],"replies":[{"embeddable":true,"href":"https:\/\/www.experta.com.ar\/index.php\/wp-json\/wp\/v2\/comments?post=329"}],"version-history":[{"count":19,"href":"https:\/\/www.experta.com.ar\/index.php\/wp-json\/wp\/v2\/pages\/329\/revisions"}],"predecessor-version":[{"id":901,"href":"https:\/\/www.experta.com.ar\/index.php\/wp-json\/wp\/v2\/pages\/329\/revisions\/901"}],"wp:attachment":[{"href":"https:\/\/www.experta.com.ar\/index.php\/wp-json\/wp\/v2\/media?parent=329"}],"curies":[{"name":"wp","href":"https:\/\/api.w.org\/{rel}","templated":true}]}}