{"id":285,"date":"2025-10-31T22:58:47","date_gmt":"2025-10-31T21:58:47","guid":{"rendered":"https:\/\/www.experta.com.ar\/?page_id=285"},"modified":"2025-10-31T22:59:32","modified_gmt":"2025-10-31T21:59:32","slug":"nosotros","status":"publish","type":"page","link":"https:\/\/www.experta.com.ar\/index.php\/nosotros\/","title":{"rendered":"Nosotros"},"content":{"rendered":"\t\t<div data-elementor-type=\"wp-page\" data-elementor-id=\"285\" class=\"elementor elementor-285\" data-elementor-post-type=\"page\">\n\t\t\t\t<div class=\"elementor-element elementor-element-2f37de5 e-con-full e-flex e-con e-parent\" data-id=\"2f37de5\" data-element_type=\"container\" data-e-type=\"container\" data-settings=\"{&quot;background_background&quot;:&quot;classic&quot;}\">\n\t\t<div class=\"elementor-element elementor-element-6e80c7e e-flex e-con-boxed e-con e-child\" data-id=\"6e80c7e\" data-element_type=\"container\" data-e-type=\"container\" data-settings=\"{&quot;background_background&quot;:&quot;classic&quot;}\">\n\t\t\t\t\t<div class=\"e-con-inner\">\n\t\t<div class=\"elementor-element elementor-element-27be5ec e-con-full e-flex elementor-invisible e-con e-child\" data-id=\"27be5ec\" data-element_type=\"container\" data-e-type=\"container\" data-settings=\"{&quot;animation&quot;:&quot;fadeInLeft&quot;}\">\n\t\t\t\t<div class=\"elementor-element elementor-element-e2f1615 elementor-widget__width-initial elementor-widget elementor-widget-image\" data-id=\"e2f1615\" data-element_type=\"widget\" data-e-type=\"widget\" data-widget_type=\"image.default\">\n\t\t\t\t\t\t\t\t\t\t\t\t\t\t\t<img decoding=\"async\" width=\"225\" height=\"117\" src=\"https:\/\/www.experta.com.ar\/wp-content\/uploads\/2025\/10\/experta-seguros-flechas.png\" class=\"attachment-large size-large wp-image-19\" alt=\"\" \/>\t\t\t\t\t\t\t\t\t\t\t\t\t\t\t<\/div>\n\t\t\t\t<div class=\"elementor-element elementor-element-6e2bcb5 elementor-widget__width-auto elementor-widget-mobile__width-auto elementor-widget elementor-widget-heading\" data-id=\"6e2bcb5\" data-element_type=\"widget\" data-e-type=\"widget\" data-widget_type=\"heading.default\">\n\t\t\t\t\t<h2 class=\"elementor-heading-title elementor-size-default\">Nosotros<\/h2>\t\t\t\t<\/div>\n\t\t\t\t<div class=\"elementor-element elementor-element-adb7424 elementor-widget__width-initial elementor-widget-mobile__width-inherit elementor-widget elementor-widget-text-editor\" data-id=\"adb7424\" data-element_type=\"widget\" data-e-type=\"widget\" data-widget_type=\"text-editor.default\">\n\t\t\t\t\t\t\t\t\t<p><strong>Somos una compa\u00f1\u00eda de seguros generales, vida y ART con una amplia trayectoria en el mercado asegurador argentino.\u2028<\/strong><\/p><p>Con el respaldo del Grupo Werthein, evolucionamos con el mismo compromiso con el que llegamos hasta ac\u00e1, el de brindar tranquilidad y soluciones a medida.\u2028<\/p><p>Tenemos la experiencia y estamos en constante movimiento, innovando e incorporando tecnolog\u00edas y capacidades para poder ofrecer una amplia variedad de coberturas acordes a cada necesidad.<\/p>\t\t\t\t\t\t\t\t<\/div>\n\t\t\t\t<\/div>\n\t\t\t\t\t<\/div>\n\t\t\t\t<\/div>\n\t\t<div class=\"elementor-element elementor-element-8ddc449 e-flex e-con-boxed e-con e-child\" data-id=\"8ddc449\" data-element_type=\"container\" data-e-type=\"container\">\n\t\t\t\t\t<div class=\"e-con-inner\">\n\t\t\t\t<div class=\"elementor-element elementor-element-3543ee2 elementor-invisible elementor-widget elementor-widget-heading\" data-id=\"3543ee2\" data-element_type=\"widget\" data-e-type=\"widget\" data-settings=\"{&quot;_animation&quot;:&quot;fadeIn&quot;}\" data-widget_type=\"heading.default\">\n\t\t\t\t\t<h2 class=\"elementor-heading-title elementor-size-default\">Valores<\/h2>\t\t\t\t<\/div>\n\t\t<div class=\"elementor-element elementor-element-e8dce2a e-con-full e-flex e-con e-child\" data-id=\"e8dce2a\" data-element_type=\"container\" data-e-type=\"container\">\n\t\t<div class=\"elementor-element elementor-element-79014d4 e-con-full e-flex elementor-invisible e-con e-child\" data-id=\"79014d4\" data-element_type=\"container\" data-e-type=\"container\" data-settings=\"{&quot;background_background&quot;:&quot;classic&quot;,&quot;animation&quot;:&quot;fadeIn&quot;,&quot;animation_delay&quot;:300}\">\n\t\t<div class=\"elementor-element elementor-element-59b7b39 e-con-full e-flex e-con e-child\" data-id=\"59b7b39\" data-element_type=\"container\" data-e-type=\"container\">\n\t\t\t\t<div class=\"elementor-element elementor-element-1250c66 elementor-widget__width-initial elementor-widget elementor-widget-image\" data-id=\"1250c66\" data-element_type=\"widget\" data-e-type=\"widget\" data-widget_type=\"image.default\">\n\t\t\t\t\t\t\t\t\t\t\t\t\t\t\t<img decoding=\"async\" width=\"222\" height=\"222\" src=\"https:\/\/www.experta.com.ar\/wp-content\/uploads\/2025\/10\/experta-seguros-icono-innovacion.png\" class=\"attachment-large size-large wp-image-287\" alt=\"\" srcset=\"https:\/\/www.experta.com.ar\/wp-content\/uploads\/2025\/10\/experta-seguros-icono-innovacion.png 222w, https:\/\/www.experta.com.ar\/wp-content\/uploads\/2025\/10\/experta-seguros-icono-innovacion-150x150.png 150w\" sizes=\"(max-width: 222px) 100vw, 222px\" \/>\t\t\t\t\t\t\t\t\t\t\t\t\t\t\t<\/div>\n\t\t\t\t<div class=\"elementor-element elementor-element-5441743 elementor-widget elementor-widget-heading\" data-id=\"5441743\" data-element_type=\"widget\" data-e-type=\"widget\" data-widget_type=\"heading.default\">\n\t\t\t\t\t<h3 class=\"elementor-heading-title elementor-size-default\">Innovaci\u00f3n<\/h3>\t\t\t\t<\/div>\n\t\t\t\t<\/div>\n\t\t\t\t<div class=\"elementor-element elementor-element-2ca2c87 elementor-widget__width-initial elementor-widget elementor-widget-text-editor\" data-id=\"2ca2c87\" data-element_type=\"widget\" data-e-type=\"widget\" data-widget_type=\"text-editor.default\">\n\t\t\t\t\t\t\t\t\t<p>Estamos siempre en movimiento, transform\u00e1ndonos y optimizando nuestros recursos en pos de ofrecer una soluci\u00f3n para cada necesidad.<\/p>\t\t\t\t\t\t\t\t<\/div>\n\t\t\t\t<\/div>\n\t\t<div class=\"elementor-element elementor-element-3d75af4 e-con-full e-flex elementor-invisible e-con e-child\" data-id=\"3d75af4\" data-element_type=\"container\" data-e-type=\"container\" data-settings=\"{&quot;background_background&quot;:&quot;classic&quot;,&quot;animation&quot;:&quot;fadeIn&quot;,&quot;animation_delay&quot;:600}\">\n\t\t<div class=\"elementor-element elementor-element-27272e6 e-con-full e-flex e-con e-child\" data-id=\"27272e6\" data-element_type=\"container\" data-e-type=\"container\">\n\t\t\t\t<div class=\"elementor-element elementor-element-aaf5736 elementor-widget__width-initial elementor-widget elementor-widget-image\" data-id=\"aaf5736\" data-element_type=\"widget\" data-e-type=\"widget\" data-widget_type=\"image.default\">\n\t\t\t\t\t\t\t\t\t\t\t\t\t\t\t<img decoding=\"async\" width=\"222\" height=\"222\" src=\"https:\/\/www.experta.com.ar\/wp-content\/uploads\/2025\/10\/experta-seguros-icono-focos-cliente.png\" class=\"attachment-large size-large wp-image-288\" alt=\"\" srcset=\"https:\/\/www.experta.com.ar\/wp-content\/uploads\/2025\/10\/experta-seguros-icono-focos-cliente.png 222w, https:\/\/www.experta.com.ar\/wp-content\/uploads\/2025\/10\/experta-seguros-icono-focos-cliente-150x150.png 150w\" sizes=\"(max-width: 222px) 100vw, 222px\" \/>\t\t\t\t\t\t\t\t\t\t\t\t\t\t\t<\/div>\n\t\t\t\t<div class=\"elementor-element elementor-element-d7a0b8b elementor-widget elementor-widget-heading\" data-id=\"d7a0b8b\" data-element_type=\"widget\" data-e-type=\"widget\" data-widget_type=\"heading.default\">\n\t\t\t\t\t<h3 class=\"elementor-heading-title elementor-size-default\">Foco en el cliente<\/h3>\t\t\t\t<\/div>\n\t\t\t\t<\/div>\n\t\t\t\t<div class=\"elementor-element elementor-element-0d5eece elementor-widget__width-initial elementor-widget elementor-widget-text-editor\" data-id=\"0d5eece\" data-element_type=\"widget\" data-e-type=\"widget\" data-widget_type=\"text-editor.default\">\n\t\t\t\t\t\t\t\t\t<p>La empat\u00eda es una cualidad fundamental que nos permite comprender qu\u00e9 es lo que el otro necesita. Nos aporta una percepci\u00f3n realista de nuestro entorno y nos permite ofrecer soluciones que se adapten a cada individualidad.<\/p>\t\t\t\t\t\t\t\t<\/div>\n\t\t\t\t<\/div>\n\t\t<div class=\"elementor-element elementor-element-ff02544 e-con-full e-flex elementor-invisible e-con e-child\" data-id=\"ff02544\" data-element_type=\"container\" data-e-type=\"container\" data-settings=\"{&quot;background_background&quot;:&quot;classic&quot;,&quot;animation&quot;:&quot;fadeIn&quot;,&quot;animation_delay&quot;:900}\">\n\t\t<div class=\"elementor-element elementor-element-46e7516 e-con-full e-flex e-con e-child\" data-id=\"46e7516\" data-element_type=\"container\" data-e-type=\"container\">\n\t\t\t\t<div class=\"elementor-element elementor-element-a4da3e3 elementor-widget__width-initial elementor-widget elementor-widget-image\" data-id=\"a4da3e3\" data-element_type=\"widget\" data-e-type=\"widget\" data-widget_type=\"image.default\">\n\t\t\t\t\t\t\t\t\t\t\t\t\t\t\t<img loading=\"lazy\" decoding=\"async\" width=\"222\" height=\"222\" src=\"https:\/\/www.experta.com.ar\/wp-content\/uploads\/2025\/10\/experta-seguros-icono-trabajo-equipo.png\" class=\"attachment-large size-large wp-image-289\" alt=\"\" srcset=\"https:\/\/www.experta.com.ar\/wp-content\/uploads\/2025\/10\/experta-seguros-icono-trabajo-equipo.png 222w, https:\/\/www.experta.com.ar\/wp-content\/uploads\/2025\/10\/experta-seguros-icono-trabajo-equipo-150x150.png 150w\" sizes=\"(max-width: 222px) 100vw, 222px\" \/>\t\t\t\t\t\t\t\t\t\t\t\t\t\t\t<\/div>\n\t\t\t\t<div class=\"elementor-element elementor-element-31a677a elementor-widget elementor-widget-heading\" data-id=\"31a677a\" data-element_type=\"widget\" data-e-type=\"widget\" data-widget_type=\"heading.default\">\n\t\t\t\t\t<h3 class=\"elementor-heading-title elementor-size-default\">Trabajo en equipo<\/h3>\t\t\t\t<\/div>\n\t\t\t\t<\/div>\n\t\t\t\t<div class=\"elementor-element elementor-element-80acc82 elementor-widget__width-initial elementor-widget elementor-widget-text-editor\" data-id=\"80acc82\" data-element_type=\"widget\" data-e-type=\"widget\" data-widget_type=\"text-editor.default\">\n\t\t\t\t\t\t\t\t\t<p>Sabemos que el trabajo se potencia cuando se hace en conjunto. Creemos que fortaleciendo y fomentando esta manera de trabajar, obtendremos mejores resultados.<\/p>\t\t\t\t\t\t\t\t<\/div>\n\t\t\t\t<\/div>\n\t\t<div class=\"elementor-element elementor-element-fd28d69 e-con-full e-flex elementor-invisible e-con e-child\" data-id=\"fd28d69\" data-element_type=\"container\" data-e-type=\"container\" data-settings=\"{&quot;background_background&quot;:&quot;classic&quot;,&quot;animation&quot;:&quot;fadeIn&quot;,&quot;animation_delay&quot;:1200}\">\n\t\t<div class=\"elementor-element elementor-element-be26538 e-con-full e-flex e-con e-child\" data-id=\"be26538\" data-element_type=\"container\" data-e-type=\"container\">\n\t\t\t\t<div class=\"elementor-element elementor-element-e7c6414 elementor-widget__width-initial elementor-widget elementor-widget-image\" data-id=\"e7c6414\" data-element_type=\"widget\" data-e-type=\"widget\" data-widget_type=\"image.default\">\n\t\t\t\t\t\t\t\t\t\t\t\t\t\t\t<img loading=\"lazy\" decoding=\"async\" width=\"222\" height=\"222\" src=\"https:\/\/www.experta.com.ar\/wp-content\/uploads\/2025\/10\/experta-seguros-icono-experiencia.png\" class=\"attachment-large size-large wp-image-290\" alt=\"\" srcset=\"https:\/\/www.experta.com.ar\/wp-content\/uploads\/2025\/10\/experta-seguros-icono-experiencia.png 222w, https:\/\/www.experta.com.ar\/wp-content\/uploads\/2025\/10\/experta-seguros-icono-experiencia-150x150.png 150w\" sizes=\"(max-width: 222px) 100vw, 222px\" \/>\t\t\t\t\t\t\t\t\t\t\t\t\t\t\t<\/div>\n\t\t\t\t<div class=\"elementor-element elementor-element-b24be1d elementor-widget elementor-widget-heading\" data-id=\"b24be1d\" data-element_type=\"widget\" data-e-type=\"widget\" data-widget_type=\"heading.default\">\n\t\t\t\t\t<h3 class=\"elementor-heading-title elementor-size-default\">Experiencia<\/h3>\t\t\t\t<\/div>\n\t\t\t\t<\/div>\n\t\t\t\t<div class=\"elementor-element elementor-element-f795914 elementor-widget__width-inherit elementor-widget elementor-widget-text-editor\" data-id=\"f795914\" data-element_type=\"widget\" data-e-type=\"widget\" data-widget_type=\"text-editor.default\">\n\t\t\t\t\t\t\t\t\t<p>En un entorno cada vez m\u00e1s exigente en sus demandas, el conocimiento y la experiencia se presentan como cualidades esenciales para entender cu\u00e1l es el camino para ofrecer un servicio diferencial.<\/p>\t\t\t\t\t\t\t\t<\/div>\n\t\t\t\t<\/div>\n\t\t<div class=\"elementor-element elementor-element-3457f4e e-con-full e-flex elementor-invisible e-con e-child\" data-id=\"3457f4e\" data-element_type=\"container\" data-e-type=\"container\" data-settings=\"{&quot;background_background&quot;:&quot;classic&quot;,&quot;animation&quot;:&quot;fadeIn&quot;,&quot;animation_delay&quot;:1500}\">\n\t\t<div class=\"elementor-element elementor-element-07f1958 e-con-full e-flex e-con e-child\" data-id=\"07f1958\" data-element_type=\"container\" data-e-type=\"container\">\n\t\t\t\t<div class=\"elementor-element elementor-element-b185530 elementor-widget__width-initial elementor-widget elementor-widget-image\" data-id=\"b185530\" data-element_type=\"widget\" data-e-type=\"widget\" data-widget_type=\"image.default\">\n\t\t\t\t\t\t\t\t\t\t\t\t\t\t\t<img loading=\"lazy\" decoding=\"async\" width=\"222\" height=\"222\" src=\"https:\/\/www.experta.com.ar\/wp-content\/uploads\/2025\/10\/experta-seguros-icono-solidez.png\" class=\"attachment-large size-large wp-image-291\" alt=\"\" srcset=\"https:\/\/www.experta.com.ar\/wp-content\/uploads\/2025\/10\/experta-seguros-icono-solidez.png 222w, https:\/\/www.experta.com.ar\/wp-content\/uploads\/2025\/10\/experta-seguros-icono-solidez-150x150.png 150w\" sizes=\"(max-width: 222px) 100vw, 222px\" \/>\t\t\t\t\t\t\t\t\t\t\t\t\t\t\t<\/div>\n\t\t\t\t<div class=\"elementor-element elementor-element-35baeb0 elementor-widget elementor-widget-heading\" data-id=\"35baeb0\" data-element_type=\"widget\" data-e-type=\"widget\" data-widget_type=\"heading.default\">\n\t\t\t\t\t<h3 class=\"elementor-heading-title elementor-size-default\">Solidez<\/h3>\t\t\t\t<\/div>\n\t\t\t\t<\/div>\n\t\t\t\t<div class=\"elementor-element elementor-element-85f3be0 elementor-widget__width-inherit elementor-widget elementor-widget-text-editor\" data-id=\"85f3be0\" data-element_type=\"widget\" data-e-type=\"widget\" data-widget_type=\"text-editor.default\">\n\t\t\t\t\t\t\t\t\t<p>Nuestro respaldo es los que nos permite mantener transparencia entre lo que decimos y lo que hacemos. Con una larga trayectoria en el mercado, tenemos la firme convicci\u00f3n de fortalecer nuestra posici\u00f3n en el mercado asegurador argentino.<\/p>\t\t\t\t\t\t\t\t<\/div>\n\t\t\t\t<\/div>\n\t\t\t\t<\/div>\n\t\t\t\t\t<\/div>\n\t\t\t\t<\/div>\n\t\t<div class=\"elementor-element elementor-element-a8ef083 e-flex e-con-boxed e-con e-child\" data-id=\"a8ef083\" data-element_type=\"container\" data-e-type=\"container\" data-settings=\"{&quot;background_background&quot;:&quot;classic&quot;}\">\n\t\t\t\t\t<div class=\"e-con-inner\">\n\t\t<div class=\"elementor-element elementor-element-a387651 e-con-full e-flex elementor-invisible e-con e-child\" data-id=\"a387651\" data-element_type=\"container\" data-e-type=\"container\" data-settings=\"{&quot;animation&quot;:&quot;fadeInUp&quot;}\">\n\t\t<div class=\"elementor-element elementor-element-4ab1688 e-con-full e-flex e-con e-child\" data-id=\"4ab1688\" data-element_type=\"container\" data-e-type=\"container\">\n\t\t\t\t<div class=\"elementor-element elementor-element-d466d47 elementor-widget-mobile__width-initial elementor-widget elementor-widget-image\" data-id=\"d466d47\" data-element_type=\"widget\" data-e-type=\"widget\" data-widget_type=\"image.default\">\n\t\t\t\t\t\t\t\t\t\t\t\t\t\t\t<img loading=\"lazy\" decoding=\"async\" width=\"394\" height=\"222\" src=\"https:\/\/www.experta.com.ar\/wp-content\/uploads\/2025\/10\/experta-seguros-grupo-werthein.png\" class=\"attachment-large size-large wp-image-292\" alt=\"\" srcset=\"https:\/\/www.experta.com.ar\/wp-content\/uploads\/2025\/10\/experta-seguros-grupo-werthein.png 394w, https:\/\/www.experta.com.ar\/wp-content\/uploads\/2025\/10\/experta-seguros-grupo-werthein-300x169.png 300w\" sizes=\"(max-width: 394px) 100vw, 394px\" \/>\t\t\t\t\t\t\t\t\t\t\t\t\t\t\t<\/div>\n\t\t\t\t<\/div>\n\t\t<div class=\"elementor-element elementor-element-5bb7ed8 e-con-full e-flex e-con e-child\" data-id=\"5bb7ed8\" data-element_type=\"container\" data-e-type=\"container\">\n\t\t\t\t<div class=\"elementor-element elementor-element-3654737 elementor-widget__width-initial elementor-widget elementor-widget-text-editor\" data-id=\"3654737\" data-element_type=\"widget\" data-e-type=\"widget\" data-widget_type=\"text-editor.default\">\n\t\t\t\t\t\t\t\t\t<p>M\u00e1s de 120 a\u00f1os de inversi\u00f3n en la Argentina. Capitales 100% nacionales. Portfolio diversificado en \u00e1reas de Seguros, Salud, Energ\u00eda, Agroindustria, Tecnolog\u00edas, Bienes Ra\u00edces y Consumo Masivo.<\/p>\t\t\t\t\t\t\t\t<\/div>\n\t\t\t\t<div class=\"elementor-element elementor-element-4174f45 elementor-align-justify elementor-widget__width-initial elementor-widget elementor-widget-button\" data-id=\"4174f45\" data-element_type=\"widget\" data-e-type=\"widget\" data-widget_type=\"button.default\">\n\t\t\t\t\t\t\t\t\t\t<a class=\"elementor-button elementor-button-link elementor-size-sm\" href=\"https:\/\/grupowerthein.com\/\" target=\"_blank\" rel=\"noopener\">\n\t\t\t\t\t\t<span class=\"elementor-button-content-wrapper\">\n\t\t\t\t\t\t\t\t\t<span class=\"elementor-button-text\">Conoc\u00e9 m\u00e1s<\/span>\n\t\t\t\t\t<\/span>\n\t\t\t\t\t<\/a>\n\t\t\t\t\t\t\t\t<\/div>\n\t\t\t\t<\/div>\n\t\t\t\t<\/div>\n\t\t\t\t\t<\/div>\n\t\t\t\t<\/div>\n\t\t\t\t<\/div>\n\t\t\t\t<\/div>\n\t\t","protected":false},"excerpt":{"rendered":"<p>Nosotros Somos una compa\u00f1\u00eda de seguros generales, vida y ART con una amplia trayectoria en el mercado asegurador argentino.\u2028 Con el respaldo del Grupo Werthein, evolucionamos con el mismo compromiso con el que llegamos hasta ac\u00e1, el de brindar tranquilidad y soluciones a medida.\u2028 Tenemos la experiencia y estamos en constante movimiento, innovando e incorporando [&hellip;]<\/p>\n","protected":false},"author":1,"featured_media":0,"parent":0,"menu_order":0,"comment_status":"closed","ping_status":"closed","template":"","meta":{"_acf_changed":false,"footnotes":""},"class_list":["post-285","page","type-page","status-publish","hentry"],"acf":[],"_links":{"self":[{"href":"https:\/\/www.experta.com.ar\/index.php\/wp-json\/wp\/v2\/pages\/285","targetHints":{"allow":["GET"]}}],"collection":[{"href":"https:\/\/www.experta.com.ar\/index.php\/wp-json\/wp\/v2\/pages"}],"about":[{"href":"https:\/\/www.experta.com.ar\/index.php\/wp-json\/wp\/v2\/types\/page"}],"author":[{"embeddable":true,"href":"https:\/\/www.experta.com.ar\/index.php\/wp-json\/wp\/v2\/users\/1"}],"replies":[{"embeddable":true,"href":"https:\/\/www.experta.com.ar\/index.php\/wp-json\/wp\/v2\/comments?post=285"}],"version-history":[{"count":4,"href":"https:\/\/www.experta.com.ar\/index.php\/wp-json\/wp\/v2\/pages\/285\/revisions"}],"predecessor-version":[{"id":296,"href":"https:\/\/www.experta.com.ar\/index.php\/wp-json\/wp\/v2\/pages\/285\/revisions\/296"}],"wp:attachment":[{"href":"https:\/\/www.experta.com.ar\/index.php\/wp-json\/wp\/v2\/media?parent=285"}],"curies":[{"name":"wp","href":"https:\/\/api.w.org\/{rel}","templated":true}]}}